{"id":7232,"date":"2024-08-12T13:46:31","date_gmt":"2024-08-12T10:46:31","guid":{"rendered":"https:\/\/noveltive.fi\/sandboxtraining\/?page_id=7232"},"modified":"2024-08-26T11:58:45","modified_gmt":"2024-08-26T08:58:45","slug":"lahteet","status":"publish","type":"page","link":"https:\/\/jyvaskylantaidekatu.fi\/en\/lahteet\/","title":{"rendered":"Sources"},"content":{"rendered":"<p>The Jyv\u00e4skyl\u00e4 Taidekatu pilot was financed by the KUDOS project, produced by Kulttuuritalo Villa Rana and Central Finland Dance Center, and Noveltive was responsible for the technical implementation. The KUDOS project will be implemented from 1 January 2023 to 31 December 2024 and is financed by the Ministry of Education and Culture and the cities of Oulu, Kuopio, Jyv\u00e4skyl\u00e4 and Lahti. The project is financed by the European Union - Next Generation EU.&nbsp;<\/p>\n\n\n\n<p>In addition, the Taidekatu pilot has been implemented by Siiri Ahonen, Ina Majaniemi, Paja Design Agency and art and culture organizations from Jyv\u00e4skyl\u00e4.<\/p>\n\n\n\n<p>The following sources have been used for the texts:<\/p>\n\n\n\n<p>The own websites of each cultural and art organization, facility or company<\/p>\n\n\n\n<p>Architectural map of Jyv\u00e4skyl\u00e4 <a href=\"https:\/\/www.jyvaskyla.fi\/kaavoitus\/arkkitehtuuri-jyvaskylassa\/arkkitehtuurikartta\">https:\/\/www.jyvaskyla.fi\/kaavoitus\/arkkitehtuuri-jyvaskylassa\/arkkitehtuurikartta<\/a><\/p>\n\n\n\n<p>City of Jyv\u00e4skyl\u00e4 website https:\/\/www.jyvaskyla.fi\/<\/p>\n\n\n\n<p>City of Jyv\u00e4skyl\u00e4: Garden historical survey of block 69 <a href=\"http:\/\/www2.jkl.fi\/kaavakartat\/05_089\/Kortteli_69_raportti_A3_lowres.pdf\">http:\/\/www2.jkl.fi\/kaavakartat\/05_089\/Kortteli_69_raportti_A3_lowres.pdf<\/a><\/p>\n\n\n\n<p>City of Jyv\u00e4skyl\u00e4: \u00c4lyl\u00e4 site plan statement <a href=\"https:\/\/www2.jkl.fi\/kaavakartat\/05_089\/05_089selostusev.pdf\">https:\/\/www2.jkl.fi\/kaavakartat\/05_089\/05_089selostusev.pdf<\/a><\/p>\n\n\n\n<p>Jyv\u00e4skyl\u00e4 parish website https:\/\/www.jyvaskylanseurakunta.fi\/kaupunginkirkko<\/p>\n\n\n\n<p>Jyv\u00e4skyl\u00e4 Art Museum: Works of public art in Jyv\u00e4skyl\u00e4 <a href=\"https:\/\/www3.jkl.fi\/taidemuseo\/veistokset\/\">https:\/\/www3.jkl.fi\/taidemuseo\/veistokset\/<\/a><\/p>\n\n\n\n<p>The website of the University of Jyv\u00e4skyl\u00e4 <a href=\"https:\/\/www.jyu.fi\/fi\">https:\/\/www.jyu.fi\/fi<\/a><\/p>\n\n\n\n<p>Campus guide: architecture, history and sights on the campuses of the University of Jyv\u00e4skyl\u00e4. Jyv\u00e4skyl\u00e4 University Science Museum 2016. Authors Ilves, Anni, Hassinen, Pekka, Hummastenniemi, Heidi, Hyv\u00f6nen, Marja-Liisa, Koski, Minerva, Myyr\u00e4, Sinikka, Nurminen, Maiju, Vuorinen, Pirjo.<\/p>\n\n\n\n<p>Visit Jyv\u00e4skyl\u00e4 Region website https:\/\/visitjyvaskyla.fi\/<\/p>\n\n\n\n<p>Wikipedia <a href=\"https:\/\/fi.wikipedia.org\/wiki\/Wikipedia:Etusivu\">https:\/\/fi.wikipedia.org\/wiki\/Wikipedia:Etusivu<\/a><\/p>\n\n\n\n<p>The correctness of the information at the time of publication is the responsibility of Jyv\u00e4skyl\u00e4 kulttuuritalo tukiyhdistys ry \/ Kulttuuritalo Villa Rana. If you notice a mistake, we will be happy to fix it!<\/p>\n\n\n\n<p>Image license information:<\/p>\n\n\n\n<p><a href=\"https:\/\/creativecommons.org\/licenses\/by-sa\/3.0\">https:\/\/creativecommons.org\/licenses\/by-sa\/3.0<\/a><\/p>\n\n\n\n<p><a href=\"https:\/\/creativecommons.org\/licenses\/by-sa\/4.0\">https:\/\/creativecommons.org\/licenses\/by-sa\/4.0<\/a><\/p>","protected":false},"excerpt":{"rendered":"<p>Jyv\u00e4skyl\u00e4n Taidekatu -pilotin on rahoittanut KUDOS-projekti, tuottanut Kulttuuritalo Villa Rana ja Keski-Suomen Tanssin Keskus ja teknisest\u00e4 toteutuksesta on vastannut Noveltive. KUDOS-projekti toteutetaan 1.1.2023 \u2013 31.12.2024 ja sit\u00e4 rahoittavat Opetus- ja kulttuuriministeri\u00f6 sek\u00e4 Oulun, Kuopion, Jyv\u00e4skyl\u00e4n ja Lahden kaupungit. Hanke on Euroopan unionin rahoittama \u2013 Next Generation EU.&nbsp; Lis\u00e4ksi Taidekatu-pilottia ovat olleet toteuttamassa Siiri Ahonen, Ina [&hellip;]<\/p>\n","protected":false},"author":2,"featured_media":0,"parent":0,"menu_order":0,"comment_status":"closed","ping_status":"closed","template":"","meta":{"_acf_changed":false,"footnotes":""},"class_list":["post-7232","page","type-page","status-publish","hentry"],"acf":[],"jetpack_sharing_enabled":true,"_links":{"self":[{"href":"https:\/\/jyvaskylantaidekatu.fi\/en\/wp-json\/wp\/v2\/pages\/7232","targetHints":{"allow":["GET"]}}],"collection":[{"href":"https:\/\/jyvaskylantaidekatu.fi\/en\/wp-json\/wp\/v2\/pages"}],"about":[{"href":"https:\/\/jyvaskylantaidekatu.fi\/en\/wp-json\/wp\/v2\/types\/page"}],"author":[{"embeddable":true,"href":"https:\/\/jyvaskylantaidekatu.fi\/en\/wp-json\/wp\/v2\/users\/2"}],"replies":[{"embeddable":true,"href":"https:\/\/jyvaskylantaidekatu.fi\/en\/wp-json\/wp\/v2\/comments?post=7232"}],"version-history":[{"count":4,"href":"https:\/\/jyvaskylantaidekatu.fi\/en\/wp-json\/wp\/v2\/pages\/7232\/revisions"}],"predecessor-version":[{"id":7897,"href":"https:\/\/jyvaskylantaidekatu.fi\/en\/wp-json\/wp\/v2\/pages\/7232\/revisions\/7897"}],"wp:attachment":[{"href":"https:\/\/jyvaskylantaidekatu.fi\/en\/wp-json\/wp\/v2\/media?parent=7232"}],"curies":[{"name":"wp","href":"https:\/\/api.w.org\/{rel}","templated":true}]}}